{"id":614,"date":"2015-06-29T15:48:02","date_gmt":"2015-06-29T15:48:02","guid":{"rendered":"http:\/\/www.salgueiroefilhos.com\/site\/?page_id=614"},"modified":"2017-06-02T09:26:05","modified_gmt":"2017-06-02T09:26:05","slug":"elevacao","status":"publish","type":"page","link":"https:\/\/www.salgueiroefilhos.com\/site\/aluguer-de-equipamento-sem-manobrador\/elevacao\/","title":{"rendered":"Eleva\u00e7\u00e3o"},"content":{"rendered":"<div class=\"product-list responsive list \"  data-ic_ajax_query='{&quot;post_type&quot;:&quot;al_product&quot;,&quot;tax_query&quot;:[{&quot;taxonomy&quot;:&quot;al_product-cat&quot;,&quot;field&quot;:&quot;term_id&quot;,&quot;terms&quot;:[&quot;18&quot;]}],&quot;posts_per_page&quot;:100,&quot;orderby&quot;:&quot;title&quot;,&quot;order&quot;:&quot;ASC&quot;,&quot;archive_template&quot;:&quot;list&quot;}'>\n    <div class=\"archive-listing product-792 list publish no-price\">\n        <a href=\"https:\/\/www.salgueiroefilhos.com\/site\/products\/carrinha-com-cesta-elevatoria\/\"><span class=\"div-link\"><\/span><\/a>\n        <div class=\"classic-list-image-wrapper\">\n            <div class=\"pseudo\"><\/div><img loading=\"lazy\" decoding=\"async\" width=\"160\" height=\"160\" src=\"https:\/\/www.salgueiroefilhos.com\/site\/wp-content\/uploads\/2013\/09\/carrinha_cesta_elevatoria.jpg\" class=\"classic-list-image\" alt=\"Carrinha com cesta elevat\u00f3ria\" srcset=\"https:\/\/www.salgueiroefilhos.com\/site\/wp-content\/uploads\/2013\/09\/carrinha_cesta_elevatoria.jpg 300w, https:\/\/www.salgueiroefilhos.com\/site\/wp-content\/uploads\/2013\/09\/carrinha_cesta_elevatoria-150x150.jpg 150w, https:\/\/www.salgueiroefilhos.com\/site\/wp-content\/uploads\/2013\/09\/carrinha_cesta_elevatoria-250x250.jpg 250w\" sizes=\"auto, (max-width: 160px) 100vw, 160px\" \/><\/div>\n        <div class=\"product-name\">Carrinha com cesta elevat\u00f3ria<\/div>\n        <div class=\"product-short-descr\"><p>Altura: 18.7m. Capacidade da cesta: 200Kg.<\/p><\/div>\n\t\t    <\/div>\n\n\n    <div class=\"archive-listing product-790 list publish no-price\">\n        <a href=\"https:\/\/www.salgueiroefilhos.com\/site\/products\/garras-para-manilhas\/\"><span class=\"div-link\"><\/span><\/a>\n        <div class=\"classic-list-image-wrapper\">\n            <div class=\"pseudo\"><\/div><img loading=\"lazy\" decoding=\"async\" width=\"213\" height=\"160\" src=\"https:\/\/www.salgueiroefilhos.com\/site\/wp-content\/uploads\/2015\/06\/GARRAS.png\" class=\"classic-list-image\" alt=\"Garras para Manilhas\" srcset=\"https:\/\/www.salgueiroefilhos.com\/site\/wp-content\/uploads\/2015\/06\/GARRAS.png 300w, https:\/\/www.salgueiroefilhos.com\/site\/wp-content\/uploads\/2015\/06\/GARRAS-200x150.png 200w, https:\/\/www.salgueiroefilhos.com\/site\/wp-content\/uploads\/2015\/06\/GARRAS-150x112.png 150w\" sizes=\"auto, (max-width: 213px) 100vw, 213px\" \/><\/div>\n        <div class=\"product-name\">Garras para Manilhas<\/div>\n        <div class=\"product-short-descr\"><p><\/p><\/div>\n\t\t    <\/div>\n\n\n    <div class=\"archive-listing product-791 list publish no-price\">\n        <a href=\"https:\/\/www.salgueiroefilhos.com\/site\/products\/grueta\/\"><span class=\"div-link\"><\/span><\/a>\n        <div class=\"classic-list-image-wrapper\">\n            <div class=\"pseudo\"><\/div><img loading=\"lazy\" decoding=\"async\" width=\"130\" height=\"160\" src=\"https:\/\/www.salgueiroefilhos.com\/site\/wp-content\/uploads\/2015\/06\/Grueta.png\" class=\"classic-list-image\" alt=\"Grueta\" srcset=\"https:\/\/www.salgueiroefilhos.com\/site\/wp-content\/uploads\/2015\/06\/Grueta.png 202w, https:\/\/www.salgueiroefilhos.com\/site\/wp-content\/uploads\/2015\/06\/Grueta-121x150.png 121w\" sizes=\"auto, (max-width: 130px) 100vw, 130px\" \/><\/div>\n        <div class=\"product-name\">Grueta<\/div>\n        <div class=\"product-short-descr\"><p>Alimenta\u00e7\u00e3o El\u00e9trica Monof\u00e1sica.<\/p><\/div>\n\t\t    <\/div>\n\n\n    <div class=\"archive-listing product-1014 list publish no-price\">\n        <a href=\"https:\/\/www.salgueiroefilhos.com\/site\/products\/manitou-200-atj\/\"><span class=\"div-link\"><\/span><\/a>\n        <div class=\"classic-list-image-wrapper\">\n            <div class=\"pseudo\"><\/div><img loading=\"lazy\" decoding=\"async\" width=\"280\" height=\"147\" src=\"https:\/\/www.salgueiroefilhos.com\/site\/wp-content\/uploads\/2024\/09\/MANITOU-200-ATJ-280x147.png\" class=\"classic-list-image\" alt=\"Manitou 200 ATJ\" srcset=\"https:\/\/www.salgueiroefilhos.com\/site\/wp-content\/uploads\/2024\/09\/MANITOU-200-ATJ-280x147.png 280w, https:\/\/www.salgueiroefilhos.com\/site\/wp-content\/uploads\/2024\/09\/MANITOU-200-ATJ-300x158.png 300w, https:\/\/www.salgueiroefilhos.com\/site\/wp-content\/uploads\/2024\/09\/MANITOU-200-ATJ-1024x538.png 1024w, https:\/\/www.salgueiroefilhos.com\/site\/wp-content\/uploads\/2024\/09\/MANITOU-200-ATJ-768x403.png 768w, https:\/\/www.salgueiroefilhos.com\/site\/wp-content\/uploads\/2024\/09\/MANITOU-200-ATJ-250x131.png 250w, https:\/\/www.salgueiroefilhos.com\/site\/wp-content\/uploads\/2024\/09\/MANITOU-200-ATJ-600x315.png 600w, https:\/\/www.salgueiroefilhos.com\/site\/wp-content\/uploads\/2024\/09\/MANITOU-200-ATJ-150x79.png 150w, https:\/\/www.salgueiroefilhos.com\/site\/wp-content\/uploads\/2024\/09\/MANITOU-200-ATJ.png 1050w\" sizes=\"auto, (max-width: 280px) 100vw, 280px\" \/><\/div>\n        <div class=\"product-name\">Manitou 200 ATJ<\/div>\n        <div class=\"product-short-descr\"><p><\/p><\/div>\n\t\t    <\/div>\n\n\n    <div class=\"archive-listing product-895 list publish no-price\">\n        <a href=\"https:\/\/www.salgueiroefilhos.com\/site\/products\/plataforma-elevatoria-jlg-2030es\/\"><span class=\"div-link\"><\/span><\/a>\n        <div class=\"classic-list-image-wrapper\">\n            <div class=\"pseudo\"><\/div><img loading=\"lazy\" decoding=\"async\" width=\"217\" height=\"160\" src=\"https:\/\/www.salgueiroefilhos.com\/site\/wp-content\/uploads\/2018\/11\/JLG-2030-217x160.png\" class=\"classic-list-image\" alt=\"Plataforma Elevat\u00f3ria JLG 2030ES\" srcset=\"https:\/\/www.salgueiroefilhos.com\/site\/wp-content\/uploads\/2018\/11\/JLG-2030-217x160.png 217w, https:\/\/www.salgueiroefilhos.com\/site\/wp-content\/uploads\/2018\/11\/JLG-2030-204x150.png 204w, https:\/\/www.salgueiroefilhos.com\/site\/wp-content\/uploads\/2018\/11\/JLG-2030-150x110.png 150w, https:\/\/www.salgueiroefilhos.com\/site\/wp-content\/uploads\/2018\/11\/JLG-2030.png 262w\" sizes=\"auto, (max-width: 217px) 100vw, 217px\" \/><\/div>\n        <div class=\"product-name\">Plataforma Elevat\u00f3ria JLG 2030ES<\/div>\n        <div class=\"product-short-descr\"><p>Capacidade de Eleva\u00e7\u00e3o - 8 Metros Capacidade m\u00e1xima - 230Kg Alimenta\u00e7\u00e3o El\u00e9trica<\/p><\/div>\n\t\t    <\/div>\n\n\n    <div class=\"archive-listing product-887 list publish no-price\">\n        <a href=\"https:\/\/www.salgueiroefilhos.com\/site\/products\/plataforma-elevatoria-manitou-160-atj-2\/\"><span class=\"div-link\"><\/span><\/a>\n        <div class=\"classic-list-image-wrapper\">\n            <div class=\"pseudo\"><\/div><img loading=\"lazy\" decoding=\"async\" width=\"240\" height=\"160\" src=\"https:\/\/www.salgueiroefilhos.com\/site\/wp-content\/uploads\/2018\/04\/Plataforma-elevatoria-manitou-240x160.jpg\" class=\"classic-list-image\" alt=\"Plataforma Elevat\u00f3ria Manitou 160 ATJ\" srcset=\"https:\/\/www.salgueiroefilhos.com\/site\/wp-content\/uploads\/2018\/04\/Plataforma-elevatoria-manitou-240x160.jpg 240w, https:\/\/www.salgueiroefilhos.com\/site\/wp-content\/uploads\/2018\/04\/Plataforma-elevatoria-manitou-300x200.jpg 300w, https:\/\/www.salgueiroefilhos.com\/site\/wp-content\/uploads\/2018\/04\/Plataforma-elevatoria-manitou-768x512.jpg 768w, https:\/\/www.salgueiroefilhos.com\/site\/wp-content\/uploads\/2018\/04\/Plataforma-elevatoria-manitou.jpg 1024w, https:\/\/www.salgueiroefilhos.com\/site\/wp-content\/uploads\/2018\/04\/Plataforma-elevatoria-manitou-225x150.jpg 225w, https:\/\/www.salgueiroefilhos.com\/site\/wp-content\/uploads\/2018\/04\/Plataforma-elevatoria-manitou-600x400.jpg 600w, https:\/\/www.salgueiroefilhos.com\/site\/wp-content\/uploads\/2018\/04\/Plataforma-elevatoria-manitou-150x100.jpg 150w\" sizes=\"auto, (max-width: 240px) 100vw, 240px\" \/><\/div>\n        <div class=\"product-name\">Plataforma Elevat\u00f3ria Manitou 160 ATJ<\/div>\n        <div class=\"product-short-descr\"><p>Capacidade de Eleva\u00e7\u00e3o - 16 metros<\/p><\/div>\n\t\t    <\/div>\n\n\n    <div class=\"archive-listing product-920 list publish no-price\">\n        <a href=\"https:\/\/www.salgueiroefilhos.com\/site\/products\/probst-tsz-uni\/\"><span class=\"div-link\"><\/span><\/a>\n        <div class=\"classic-list-image-wrapper\">\n            <div class=\"pseudo\"><\/div><img loading=\"lazy\" decoding=\"async\" width=\"120\" height=\"160\" src=\"https:\/\/www.salgueiroefilhos.com\/site\/wp-content\/uploads\/2021\/07\/Probst-TSZ-UNI-120x160.jpg\" class=\"classic-list-image\" alt=\"Probst TSZ-UNI\" srcset=\"https:\/\/www.salgueiroefilhos.com\/site\/wp-content\/uploads\/2021\/07\/Probst-TSZ-UNI-120x160.jpg 120w, https:\/\/www.salgueiroefilhos.com\/site\/wp-content\/uploads\/2021\/07\/Probst-TSZ-UNI-225x300.jpg 225w, https:\/\/www.salgueiroefilhos.com\/site\/wp-content\/uploads\/2021\/07\/Probst-TSZ-UNI-113x150.jpg 113w, https:\/\/www.salgueiroefilhos.com\/site\/wp-content\/uploads\/2021\/07\/Probst-TSZ-UNI-450x600.jpg 450w, https:\/\/www.salgueiroefilhos.com\/site\/wp-content\/uploads\/2021\/07\/Probst-TSZ-UNI.jpg 768w\" sizes=\"auto, (max-width: 120px) 100vw, 120px\" \/><\/div>\n        <div class=\"product-name\">Probst TSZ-UNI<\/div>\n        <div class=\"product-short-descr\"><p>Garra para lancil; Pe\u00e7as de bet\u00e3o e granito; Capacidade de carga 400kg;<\/p><\/div>\n\t\t    <\/div>\n\n\n    <div class=\"archive-listing product-1015 list publish no-price\">\n        <a href=\"https:\/\/www.salgueiroefilhos.com\/site\/products\/teletower\/\"><span class=\"div-link\"><\/span><\/a>\n        <div class=\"classic-list-image-wrapper\">\n            <div class=\"pseudo\"><\/div><img loading=\"lazy\" decoding=\"async\" width=\"160\" height=\"160\" src=\"https:\/\/www.salgueiroefilhos.com\/site\/wp-content\/uploads\/2024\/09\/teletower.1-160x160.jpg\" class=\"classic-list-image\" alt=\"Teletower\" srcset=\"https:\/\/www.salgueiroefilhos.com\/site\/wp-content\/uploads\/2024\/09\/teletower.1-160x160.jpg 160w, https:\/\/www.salgueiroefilhos.com\/site\/wp-content\/uploads\/2024\/09\/teletower.1-300x300.jpg 300w, https:\/\/www.salgueiroefilhos.com\/site\/wp-content\/uploads\/2024\/09\/teletower.1-150x150.jpg 150w, https:\/\/www.salgueiroefilhos.com\/site\/wp-content\/uploads\/2024\/09\/teletower.1-600x600.jpg 600w, https:\/\/www.salgueiroefilhos.com\/site\/wp-content\/uploads\/2024\/09\/teletower.1.jpg 700w\" sizes=\"auto, (max-width: 160px) 100vw, 160px\" \/><\/div>\n        <div class=\"product-name\">Teletower<\/div>\n        <div class=\"product-short-descr\"><p><\/p><\/div>\n\t\t    <\/div>\n\n<div style=\"clear:both\"><\/div><\/div>\n","protected":false},"excerpt":{"rendered":"<p> <a class=\"continue-reading-link\" href=\"https:\/\/www.salgueiroefilhos.com\/site\/products\/teletower\/\">Continuar a ler<\/a><\/p>\n","protected":false},"author":4,"featured_media":0,"parent":34,"menu_order":0,"comment_status":"closed","ping_status":"closed","template":"","meta":{"footnotes":""},"class_list":["post-614","page","type-page","status-publish","hentry"],"_links":{"self":[{"href":"https:\/\/www.salgueiroefilhos.com\/site\/wp-json\/wp\/v2\/pages\/614","targetHints":{"allow":["GET"]}}],"collection":[{"href":"https:\/\/www.salgueiroefilhos.com\/site\/wp-json\/wp\/v2\/pages"}],"about":[{"href":"https:\/\/www.salgueiroefilhos.com\/site\/wp-json\/wp\/v2\/types\/page"}],"author":[{"embeddable":true,"href":"https:\/\/www.salgueiroefilhos.com\/site\/wp-json\/wp\/v2\/users\/4"}],"replies":[{"embeddable":true,"href":"https:\/\/www.salgueiroefilhos.com\/site\/wp-json\/wp\/v2\/comments?post=614"}],"version-history":[{"count":8,"href":"https:\/\/www.salgueiroefilhos.com\/site\/wp-json\/wp\/v2\/pages\/614\/revisions"}],"predecessor-version":[{"id":817,"href":"https:\/\/www.salgueiroefilhos.com\/site\/wp-json\/wp\/v2\/pages\/614\/revisions\/817"}],"up":[{"embeddable":true,"href":"https:\/\/www.salgueiroefilhos.com\/site\/wp-json\/wp\/v2\/pages\/34"}],"wp:attachment":[{"href":"https:\/\/www.salgueiroefilhos.com\/site\/wp-json\/wp\/v2\/media?parent=614"}],"curies":[{"name":"wp","href":"https:\/\/api.w.org\/{rel}","templated":true}]}}