{"id":412,"date":"2013-09-02T15:17:57","date_gmt":"2013-09-02T15:17:57","guid":{"rendered":"http:\/\/www.salgueiroefilhos.com\/site\/?page_id=412"},"modified":"2017-06-01T16:26:42","modified_gmt":"2017-06-01T16:26:42","slug":"giratorias","status":"publish","type":"page","link":"https:\/\/www.salgueiroefilhos.com\/site\/aluguer-de-equipamento-com-manobrador\/giratorias\/","title":{"rendered":"Girat\u00f3rias"},"content":{"rendered":"<div class=\"product-list responsive list \"  data-ic_ajax_query='{&quot;post_type&quot;:&quot;al_product&quot;,&quot;tax_query&quot;:[{&quot;taxonomy&quot;:&quot;al_product-cat&quot;,&quot;field&quot;:&quot;term_id&quot;,&quot;terms&quot;:[&quot;13&quot;]}],&quot;posts_per_page&quot;:100,&quot;orderby&quot;:&quot;title&quot;,&quot;order&quot;:&quot;ASC&quot;,&quot;archive_template&quot;:&quot;list&quot;}'>\n\t<div class=\"archive-listing product-948 list publish no-price\">\n\t\t<a href=\"https:\/\/www.salgueiroefilhos.com\/site\/products\/komatsu-pc130\/\"><span class=\"div-link\"><\/span><\/a>\n\t\t<div class=\"classic-list-image-wrapper\">\n\t\t\t<div class=\"pseudo\"><\/div>\n\t\t\t<img loading=\"lazy\" decoding=\"async\" width=\"206\" height=\"160\" src=\"https:\/\/www.salgueiroefilhos.com\/site\/wp-content\/uploads\/2021\/07\/Komatsu-PC-130-206x160.jpg\" class=\"classic-list-image\" alt=\"Komatsu PC130\" srcset=\"https:\/\/www.salgueiroefilhos.com\/site\/wp-content\/uploads\/2021\/07\/Komatsu-PC-130-206x160.jpg 206w, https:\/\/www.salgueiroefilhos.com\/site\/wp-content\/uploads\/2021\/07\/Komatsu-PC-130-300x233.jpg 300w, https:\/\/www.salgueiroefilhos.com\/site\/wp-content\/uploads\/2021\/07\/Komatsu-PC-130-194x150.jpg 194w, https:\/\/www.salgueiroefilhos.com\/site\/wp-content\/uploads\/2021\/07\/Komatsu-PC-130-150x116.jpg 150w, https:\/\/www.salgueiroefilhos.com\/site\/wp-content\/uploads\/2021\/07\/Komatsu-PC-130.jpg 320w\" sizes=\"auto, (max-width: 206px) 100vw, 206px\" \/>\t\t\t<\/div>\n\t\t<div class=\"product-name\">Komatsu PC130<\/div>\n\t\t<div class=\"product-short-descr\"><p>\n\t\tCapacidade: 13 toneladas - Equipada com v\u00e1rios baldes e martelo hidr\u00e1ulico\t\t<\/p><\/div>\n\t\t\t<\/div>\n\n\n\t<div class=\"archive-listing product-875 list publish no-price\">\n\t\t<a href=\"https:\/\/www.salgueiroefilhos.com\/site\/products\/mini-giratoria-cat-303-5\/\"><span class=\"div-link\"><\/span><\/a>\n\t\t<div class=\"classic-list-image-wrapper\">\n\t\t\t<div class=\"pseudo\"><\/div>\n\t\t\t<img loading=\"lazy\" decoding=\"async\" width=\"213\" height=\"160\" src=\"https:\/\/www.salgueiroefilhos.com\/site\/wp-content\/uploads\/2018\/04\/CAT-303.5-213x160.jpg\" class=\"classic-list-image\" alt=\"Mini Girat\u00f3ria CAT 303.5\" srcset=\"https:\/\/www.salgueiroefilhos.com\/site\/wp-content\/uploads\/2018\/04\/CAT-303.5-213x160.jpg 213w, https:\/\/www.salgueiroefilhos.com\/site\/wp-content\/uploads\/2018\/04\/CAT-303.5-300x225.jpg 300w, https:\/\/www.salgueiroefilhos.com\/site\/wp-content\/uploads\/2018\/04\/CAT-303.5-200x150.jpg 200w, https:\/\/www.salgueiroefilhos.com\/site\/wp-content\/uploads\/2018\/04\/CAT-303.5-600x450.jpg 600w, https:\/\/www.salgueiroefilhos.com\/site\/wp-content\/uploads\/2018\/04\/CAT-303.5-150x113.jpg 150w, https:\/\/www.salgueiroefilhos.com\/site\/wp-content\/uploads\/2018\/04\/CAT-303.5.jpg 712w\" sizes=\"auto, (max-width: 213px) 100vw, 213px\" \/>\t\t\t<\/div>\n\t\t<div class=\"product-name\">Mini Girat\u00f3ria CAT 303.5<\/div>\n\t\t<div class=\"product-short-descr\"><p>\n\t\tCapacidade 4 Toneladas - Equipada com v\u00e1rios baldes e martelo.\t\t<\/p><\/div>\n\t\t\t<\/div>\n\n\n\t<div class=\"archive-listing product-759 list publish no-price\">\n\t\t<a href=\"https:\/\/www.salgueiroefilhos.com\/site\/products\/mini-giratoria-cat-303c\/\"><span class=\"div-link\"><\/span><\/a>\n\t\t<div class=\"classic-list-image-wrapper\">\n\t\t\t<div class=\"pseudo\"><\/div>\n\t\t\t<img loading=\"lazy\" decoding=\"async\" width=\"213\" height=\"160\" src=\"https:\/\/www.salgueiroefilhos.com\/site\/wp-content\/uploads\/2015\/06\/caterpillar-CAT-303.jpg\" class=\"classic-list-image\" alt=\"Mini Girat\u00f3ria CAT 303C\" srcset=\"https:\/\/www.salgueiroefilhos.com\/site\/wp-content\/uploads\/2015\/06\/caterpillar-CAT-303.jpg 300w, https:\/\/www.salgueiroefilhos.com\/site\/wp-content\/uploads\/2015\/06\/caterpillar-CAT-303-200x150.jpg 200w, https:\/\/www.salgueiroefilhos.com\/site\/wp-content\/uploads\/2015\/06\/caterpillar-CAT-303-150x112.jpg 150w\" sizes=\"auto, (max-width: 213px) 100vw, 213px\" \/>\t\t\t<\/div>\n\t\t<div class=\"product-name\">Mini Girat\u00f3ria CAT 303C<\/div>\n\t\t<div class=\"product-short-descr\"><p>\n\t\tCapacidade 3.5 toneladas. Equipada com v\u00e1rios baldes.\t\t<\/p><\/div>\n\t\t\t<\/div>\n\n\n\t<div class=\"archive-listing product-872 list publish no-price\">\n\t\t<a href=\"https:\/\/www.salgueiroefilhos.com\/site\/products\/mini-giratoria-yanmar-viio-17\/\"><span class=\"div-link\"><\/span><\/a>\n\t\t<div class=\"classic-list-image-wrapper\">\n\t\t\t<div class=\"pseudo\"><\/div>\n\t\t\t<img loading=\"lazy\" decoding=\"async\" width=\"160\" height=\"160\" src=\"https:\/\/www.salgueiroefilhos.com\/site\/wp-content\/uploads\/2018\/04\/Yanmar-Vio-17-160x160.png\" class=\"classic-list-image\" alt=\"Mini Girat\u00f3ria Yanmar VIO 17\" srcset=\"https:\/\/www.salgueiroefilhos.com\/site\/wp-content\/uploads\/2018\/04\/Yanmar-Vio-17-160x160.png 160w, https:\/\/www.salgueiroefilhos.com\/site\/wp-content\/uploads\/2018\/04\/Yanmar-Vio-17-150x150.png 150w, https:\/\/www.salgueiroefilhos.com\/site\/wp-content\/uploads\/2018\/04\/Yanmar-Vio-17.png 225w\" sizes=\"auto, (max-width: 160px) 100vw, 160px\" \/>\t\t\t<\/div>\n\t\t<div class=\"product-name\">Mini Girat\u00f3ria Yanmar VIO 17<\/div>\n\t\t<div class=\"product-short-descr\"><p>\n\t\tCapacidade 1700 Kg - Equipada com v\u00e1rios baldes e martelo.\t\t<\/p><\/div>\n\t\t\t<\/div>\n\n\n\t<div class=\"archive-listing product-757 list publish no-price\">\n\t\t<a href=\"https:\/\/www.salgueiroefilhos.com\/site\/products\/giratoria-yanmar-vio-57\/\"><span class=\"div-link\"><\/span><\/a>\n\t\t<div class=\"classic-list-image-wrapper\">\n\t\t\t<div class=\"pseudo\"><\/div>\n\t\t\t<img loading=\"lazy\" decoding=\"async\" width=\"213\" height=\"160\" src=\"https:\/\/www.salgueiroefilhos.com\/site\/wp-content\/uploads\/2013\/08\/vio_57.jpg\" class=\"classic-list-image\" alt=\"Mini Girat\u00f3ria Yanmar Vio 57\" srcset=\"https:\/\/www.salgueiroefilhos.com\/site\/wp-content\/uploads\/2013\/08\/vio_57.jpg 800w, https:\/\/www.salgueiroefilhos.com\/site\/wp-content\/uploads\/2013\/08\/vio_57-300x225.jpg 300w, https:\/\/www.salgueiroefilhos.com\/site\/wp-content\/uploads\/2013\/08\/vio_57-200x150.jpg 200w\" sizes=\"auto, (max-width: 213px) 100vw, 213px\" \/>\t\t\t<\/div>\n\t\t<div class=\"product-name\">Mini Girat\u00f3ria Yanmar Vio 57<\/div>\n\t\t<div class=\"product-short-descr\"><p>\n\t\tGira dentro dos rastos. Equipada com Baldes Riper e Martelo Demolidor.\t\t<\/p><\/div>\n\t\t\t<\/div>\n\n\n\t<div class=\"archive-listing product-876 list publish no-price\">\n\t\t<a href=\"https:\/\/www.salgueiroefilhos.com\/site\/products\/mini-giratoria-yanmar-vio-80\/\"><span class=\"div-link\"><\/span><\/a>\n\t\t<div class=\"classic-list-image-wrapper\">\n\t\t\t<div class=\"pseudo\"><\/div>\n\t\t\t<img loading=\"lazy\" decoding=\"async\" width=\"160\" height=\"160\" src=\"https:\/\/www.salgueiroefilhos.com\/site\/wp-content\/uploads\/2018\/04\/Yanmar-VIO80-160x160.jpg\" class=\"classic-list-image\" alt=\"Mini Girat\u00f3ria Yanmar VIO 80\" srcset=\"https:\/\/www.salgueiroefilhos.com\/site\/wp-content\/uploads\/2018\/04\/Yanmar-VIO80-160x160.jpg 160w, https:\/\/www.salgueiroefilhos.com\/site\/wp-content\/uploads\/2018\/04\/Yanmar-VIO80-150x150.jpg 150w, https:\/\/www.salgueiroefilhos.com\/site\/wp-content\/uploads\/2018\/04\/Yanmar-VIO80-300x300.jpg 300w, https:\/\/www.salgueiroefilhos.com\/site\/wp-content\/uploads\/2018\/04\/Yanmar-VIO80-768x768.jpg 768w, https:\/\/www.salgueiroefilhos.com\/site\/wp-content\/uploads\/2018\/04\/Yanmar-VIO80-600x600.jpg 600w, https:\/\/www.salgueiroefilhos.com\/site\/wp-content\/uploads\/2018\/04\/Yanmar-VIO80.jpg 1000w\" sizes=\"auto, (max-width: 160px) 100vw, 160px\" \/>\t\t\t<\/div>\n\t\t<div class=\"product-name\">Mini Girat\u00f3ria Yanmar VIO 80<\/div>\n\t\t<div class=\"product-short-descr\"><p>\n\t\tGira dentro dos rastos. Equipada com Baldes, Riper , Martelo Demolidor e Tesoura.\t\t<\/p><\/div>\n\t\t\t<\/div>\n\n\n\t<div class=\"archive-listing product-900 list publish no-price\">\n\t\t<a href=\"https:\/\/www.salgueiroefilhos.com\/site\/products\/yanmar-vio-26\/\"><span class=\"div-link\"><\/span><\/a>\n\t\t<div class=\"classic-list-image-wrapper\">\n\t\t\t<div class=\"pseudo\"><\/div>\n\t\t\t<img loading=\"lazy\" decoding=\"async\" width=\"160\" height=\"160\" src=\"https:\/\/www.salgueiroefilhos.com\/site\/wp-content\/uploads\/2020\/04\/yanmar-vio-26-160x160.jpg\" class=\"classic-list-image\" alt=\"Yanmar VIO 26\" srcset=\"https:\/\/www.salgueiroefilhos.com\/site\/wp-content\/uploads\/2020\/04\/yanmar-vio-26-160x160.jpg 160w, https:\/\/www.salgueiroefilhos.com\/site\/wp-content\/uploads\/2020\/04\/yanmar-vio-26-300x300.jpg 300w, https:\/\/www.salgueiroefilhos.com\/site\/wp-content\/uploads\/2020\/04\/yanmar-vio-26-scaled.jpg 1024w, https:\/\/www.salgueiroefilhos.com\/site\/wp-content\/uploads\/2020\/04\/yanmar-vio-26-150x150.jpg 150w, https:\/\/www.salgueiroefilhos.com\/site\/wp-content\/uploads\/2020\/04\/yanmar-vio-26-768x768.jpg 768w, https:\/\/www.salgueiroefilhos.com\/site\/wp-content\/uploads\/2020\/04\/yanmar-vio-26-600x600.jpg 600w\" sizes=\"auto, (max-width: 160px) 100vw, 160px\" \/>\t\t\t<\/div>\n\t\t<div class=\"product-name\">Yanmar VIO 26<\/div>\n\t\t<div class=\"product-short-descr\"><p>\n\t\t\u00a0 Equipada com rastos de ferro com prote\u00e7\u00f5es de borracha, v\u00e1rios baldes e martelo hidr\u00e1ulico.\t\t<\/p><\/div>\n\t\t\t<\/div>\n\n<div style=\"clear:both\"><\/div><\/div>\n","protected":false},"excerpt":{"rendered":"<p> <a class=\"continue-reading-link\" href=\"https:\/\/www.salgueiroefilhos.com\/site\/products\/yanmar-vio-26\/\">Continuar a ler<\/a><\/p>\n","protected":false},"author":4,"featured_media":0,"parent":31,"menu_order":2,"comment_status":"closed","ping_status":"closed","template":"","meta":{"footnotes":""},"class_list":["post-412","page","type-page","status-publish","hentry"],"_links":{"self":[{"href":"https:\/\/www.salgueiroefilhos.com\/site\/wp-json\/wp\/v2\/pages\/412","targetHints":{"allow":["GET"]}}],"collection":[{"href":"https:\/\/www.salgueiroefilhos.com\/site\/wp-json\/wp\/v2\/pages"}],"about":[{"href":"https:\/\/www.salgueiroefilhos.com\/site\/wp-json\/wp\/v2\/types\/page"}],"author":[{"embeddable":true,"href":"https:\/\/www.salgueiroefilhos.com\/site\/wp-json\/wp\/v2\/users\/4"}],"replies":[{"embeddable":true,"href":"https:\/\/www.salgueiroefilhos.com\/site\/wp-json\/wp\/v2\/comments?post=412"}],"version-history":[{"count":6,"href":"https:\/\/www.salgueiroefilhos.com\/site\/wp-json\/wp\/v2\/pages\/412\/revisions"}],"predecessor-version":[{"id":768,"href":"https:\/\/www.salgueiroefilhos.com\/site\/wp-json\/wp\/v2\/pages\/412\/revisions\/768"}],"up":[{"embeddable":true,"href":"https:\/\/www.salgueiroefilhos.com\/site\/wp-json\/wp\/v2\/pages\/31"}],"wp:attachment":[{"href":"https:\/\/www.salgueiroefilhos.com\/site\/wp-json\/wp\/v2\/media?parent=412"}],"curies":[{"name":"wp","href":"https:\/\/api.w.org\/{rel}","templated":true}]}}