{"id":389,"date":"2013-09-02T15:10:26","date_gmt":"2013-09-02T15:10:26","guid":{"rendered":"http:\/\/www.salgueiroefilhos.com\/site\/?page_id=389"},"modified":"2017-06-01T16:06:00","modified_gmt":"2017-06-01T16:06:00","slug":"betonagem","status":"publish","type":"page","link":"https:\/\/www.salgueiroefilhos.com\/site\/aluguer-de-equipamento-sem-manobrador\/betonagem\/","title":{"rendered":"Betonagem"},"content":{"rendered":"<div class=\"product-list responsive list \"  data-ic_ajax_query='{&quot;post_type&quot;:&quot;al_product&quot;,&quot;tax_query&quot;:[{&quot;taxonomy&quot;:&quot;al_product-cat&quot;,&quot;field&quot;:&quot;term_id&quot;,&quot;terms&quot;:[&quot;11&quot;]}],&quot;posts_per_page&quot;:100,&quot;orderby&quot;:&quot;title&quot;,&quot;order&quot;:&quot;ASC&quot;,&quot;archive_template&quot;:&quot;list&quot;}'>\n    <div class=\"archive-listing product-781 list publish no-price\">\n        <a href=\"https:\/\/www.salgueiroefilhos.com\/site\/products\/alisador-de-pavimento-belle-pt916\/\"><span class=\"div-link\"><\/span><\/a>\n        <div class=\"classic-list-image-wrapper\">\n            <div class=\"pseudo\"><\/div><img loading=\"lazy\" decoding=\"async\" width=\"160\" height=\"160\" src=\"https:\/\/www.salgueiroefilhos.com\/site\/wp-content\/uploads\/2013\/09\/bell_pt_916.jpg\" class=\"classic-list-image\" alt=\"Alisador de Pavimento &#8211; Belle PT916\" srcset=\"https:\/\/www.salgueiroefilhos.com\/site\/wp-content\/uploads\/2013\/09\/bell_pt_916.jpg 300w, https:\/\/www.salgueiroefilhos.com\/site\/wp-content\/uploads\/2013\/09\/bell_pt_916-150x150.jpg 150w, https:\/\/www.salgueiroefilhos.com\/site\/wp-content\/uploads\/2013\/09\/bell_pt_916-250x250.jpg 250w\" sizes=\"auto, (max-width: 160px) 100vw, 160px\" \/><\/div>\n        <div class=\"product-name\">Alisador de Pavimento &#8211; Belle PT916<\/div>\n        <div class=\"product-short-descr\"><p>Di\u00e2metro - 1m<\/p><\/div>\n\t\t    <\/div>\n\n\n    <div class=\"archive-listing product-748 list publish no-price\">\n        <a href=\"https:\/\/www.salgueiroefilhos.com\/site\/products\/balde-betoneira-terraco-300\/\"><span class=\"div-link\"><\/span><\/a>\n        <div class=\"classic-list-image-wrapper\">\n            <div class=\"pseudo\"><\/div><img loading=\"lazy\" decoding=\"async\" width=\"160\" height=\"160\" src=\"https:\/\/www.salgueiroefilhos.com\/site\/wp-content\/uploads\/2013\/09\/terraco_300.jpg\" class=\"classic-list-image\" alt=\"Balde Betoneira Terraco 300\" srcset=\"https:\/\/www.salgueiroefilhos.com\/site\/wp-content\/uploads\/2013\/09\/terraco_300.jpg 300w, https:\/\/www.salgueiroefilhos.com\/site\/wp-content\/uploads\/2013\/09\/terraco_300-150x150.jpg 150w, https:\/\/www.salgueiroefilhos.com\/site\/wp-content\/uploads\/2013\/09\/terraco_300-250x250.jpg 250w\" sizes=\"auto, (max-width: 160px) 100vw, 160px\" \/><\/div>\n        <div class=\"product-name\">Balde Betoneira Terraco 300<\/div>\n        <div class=\"product-short-descr\"><p>Capacidade 300 Litros. Aplicar em mini carregadoras ou mini retro.<\/p><\/div>\n\t\t    <\/div>\n\n\n    <div class=\"archive-listing product-750 list publish no-price\">\n        <a href=\"https:\/\/www.salgueiroefilhos.com\/site\/products\/betoneiras\/\"><span class=\"div-link\"><\/span><\/a>\n        <div class=\"classic-list-image-wrapper\">\n            <div class=\"pseudo\"><\/div><img loading=\"lazy\" decoding=\"async\" width=\"213\" height=\"160\" src=\"https:\/\/www.salgueiroefilhos.com\/site\/wp-content\/uploads\/2013\/08\/betoneira.jpg\" class=\"classic-list-image\" alt=\"Betoneiras\" srcset=\"https:\/\/www.salgueiroefilhos.com\/site\/wp-content\/uploads\/2013\/08\/betoneira.jpg 300w, https:\/\/www.salgueiroefilhos.com\/site\/wp-content\/uploads\/2013\/08\/betoneira-200x150.jpg 200w\" sizes=\"auto, (max-width: 213px) 100vw, 213px\" \/><\/div>\n        <div class=\"product-name\">Betoneiras<\/div>\n        <div class=\"product-short-descr\"><p>Capacidade 120 a 180L. Alimenta\u00e7\u00e3o El\u00e9ctrica.<\/p><\/div>\n\t\t    <\/div>\n\n\n    <div class=\"archive-listing product-753 list publish no-price\">\n        <a href=\"https:\/\/www.salgueiroefilhos.com\/site\/products\/regua-vibratoria-tornado-com-motor-a-gasolina-com-perfil\/\"><span class=\"div-link\"><\/span><\/a>\n        <div class=\"classic-list-image-wrapper\">\n            <div class=\"pseudo\"><\/div><img loading=\"lazy\" decoding=\"async\" width=\"160\" height=\"160\" src=\"https:\/\/www.salgueiroefilhos.com\/site\/wp-content\/uploads\/2016\/02\/regua_vibratoria.jpg\" class=\"classic-list-image\" alt=\"R\u00e9gua Vibrat\u00f3ria Tornado com motor a gasolina com perfil\" srcset=\"https:\/\/www.salgueiroefilhos.com\/site\/wp-content\/uploads\/2016\/02\/regua_vibratoria.jpg 300w, https:\/\/www.salgueiroefilhos.com\/site\/wp-content\/uploads\/2016\/02\/regua_vibratoria-150x150.jpg 150w, https:\/\/www.salgueiroefilhos.com\/site\/wp-content\/uploads\/2016\/02\/regua_vibratoria-250x250.jpg 250w\" sizes=\"auto, (max-width: 160px) 100vw, 160px\" \/><\/div>\n        <div class=\"product-name\">R\u00e9gua Vibrat\u00f3ria Tornado com motor a gasolina com perfil<\/div>\n        <div class=\"product-short-descr\"><p><\/p><\/div>\n\t\t    <\/div>\n\n\n    <div class=\"archive-listing product-752 list publish no-price\">\n        <a href=\"https:\/\/www.salgueiroefilhos.com\/site\/products\/vibrador-de-agulhas\/\"><span class=\"div-link\"><\/span><\/a>\n        <div class=\"classic-list-image-wrapper\">\n            <div class=\"pseudo\"><\/div><img loading=\"lazy\" decoding=\"async\" width=\"213\" height=\"160\" src=\"https:\/\/www.salgueiroefilhos.com\/site\/wp-content\/uploads\/2015\/06\/Vibrador-de-agulhas.png\" class=\"classic-list-image\" alt=\"Vibrador de Agulhas\" srcset=\"https:\/\/www.salgueiroefilhos.com\/site\/wp-content\/uploads\/2015\/06\/Vibrador-de-agulhas.png 300w, https:\/\/www.salgueiroefilhos.com\/site\/wp-content\/uploads\/2015\/06\/Vibrador-de-agulhas-200x150.png 200w, https:\/\/www.salgueiroefilhos.com\/site\/wp-content\/uploads\/2015\/06\/Vibrador-de-agulhas-150x112.png 150w\" sizes=\"auto, (max-width: 213px) 100vw, 213px\" \/><\/div>\n        <div class=\"product-name\">Vibrador de Agulhas<\/div>\n        <div class=\"product-short-descr\"><p><\/p><\/div>\n\t\t    <\/div>\n\n<div style=\"clear:both\"><\/div><\/div>\n","protected":false},"excerpt":{"rendered":"<p> <a class=\"continue-reading-link\" href=\"https:\/\/www.salgueiroefilhos.com\/site\/products\/vibrador-de-agulhas\/\">Continuar a ler<\/a><\/p>\n","protected":false},"author":4,"featured_media":0,"parent":34,"menu_order":1,"comment_status":"closed","ping_status":"closed","template":"","meta":{"footnotes":""},"class_list":["post-389","page","type-page","status-publish","hentry"],"_links":{"self":[{"href":"https:\/\/www.salgueiroefilhos.com\/site\/wp-json\/wp\/v2\/pages\/389","targetHints":{"allow":["GET"]}}],"collection":[{"href":"https:\/\/www.salgueiroefilhos.com\/site\/wp-json\/wp\/v2\/pages"}],"about":[{"href":"https:\/\/www.salgueiroefilhos.com\/site\/wp-json\/wp\/v2\/types\/page"}],"author":[{"embeddable":true,"href":"https:\/\/www.salgueiroefilhos.com\/site\/wp-json\/wp\/v2\/users\/4"}],"replies":[{"embeddable":true,"href":"https:\/\/www.salgueiroefilhos.com\/site\/wp-json\/wp\/v2\/comments?post=389"}],"version-history":[{"count":25,"href":"https:\/\/www.salgueiroefilhos.com\/site\/wp-json\/wp\/v2\/pages\/389\/revisions"}],"predecessor-version":[{"id":754,"href":"https:\/\/www.salgueiroefilhos.com\/site\/wp-json\/wp\/v2\/pages\/389\/revisions\/754"}],"up":[{"embeddable":true,"href":"https:\/\/www.salgueiroefilhos.com\/site\/wp-json\/wp\/v2\/pages\/34"}],"wp:attachment":[{"href":"https:\/\/www.salgueiroefilhos.com\/site\/wp-json\/wp\/v2\/media?parent=389"}],"curies":[{"name":"wp","href":"https:\/\/api.w.org\/{rel}","templated":true}]}}