{"id":380,"date":"2013-09-02T15:08:22","date_gmt":"2013-09-02T15:08:22","guid":{"rendered":"http:\/\/www.salgueiroefilhos.com\/site\/?page_id=380"},"modified":"2017-06-02T09:26:31","modified_gmt":"2017-06-02T09:26:31","slug":"bombas-submersiveis","status":"publish","type":"page","link":"https:\/\/www.salgueiroefilhos.com\/site\/aluguer-de-equipamento-sem-manobrador\/bombas-submersiveis\/","title":{"rendered":"Bombas Submers\u00edveis"},"content":{"rendered":"<div class=\"product-list responsive list \"  data-ic_ajax_query='{&quot;post_type&quot;:&quot;al_product&quot;,&quot;tax_query&quot;:[{&quot;taxonomy&quot;:&quot;al_product-cat&quot;,&quot;field&quot;:&quot;term_id&quot;,&quot;terms&quot;:[&quot;20&quot;]}],&quot;posts_per_page&quot;:100,&quot;orderby&quot;:&quot;title&quot;,&quot;order&quot;:&quot;ASC&quot;,&quot;archive_template&quot;:&quot;list&quot;}'>\n\t<div class=\"archive-listing product-1003 list publish no-price\">\n\t\t<a href=\"https:\/\/www.salgueiroefilhos.com\/site\/products\/bombas-submersiveis\/\"><span class=\"div-link\"><\/span><\/a>\n\t\t<div class=\"classic-list-image-wrapper\">\n\t\t\t<div class=\"pseudo\"><\/div>\n\t\t\t<img loading=\"lazy\" decoding=\"async\" width=\"171\" height=\"160\" src=\"https:\/\/www.salgueiroefilhos.com\/site\/wp-content\/uploads\/2024\/09\/MOTO-BOMBA-2-171x160.jpg\" class=\"classic-list-image\" alt=\"Bomba Submers\u00edvel\" srcset=\"https:\/\/www.salgueiroefilhos.com\/site\/wp-content\/uploads\/2024\/09\/MOTO-BOMBA-2-171x160.jpg 171w, https:\/\/www.salgueiroefilhos.com\/site\/wp-content\/uploads\/2024\/09\/MOTO-BOMBA-2-300x281.jpg 300w, https:\/\/www.salgueiroefilhos.com\/site\/wp-content\/uploads\/2024\/09\/MOTO-BOMBA-2-768x720.jpg 768w, https:\/\/www.salgueiroefilhos.com\/site\/wp-content\/uploads\/2024\/09\/MOTO-BOMBA-2-160x150.jpg 160w, https:\/\/www.salgueiroefilhos.com\/site\/wp-content\/uploads\/2024\/09\/MOTO-BOMBA-2-600x562.jpg 600w, https:\/\/www.salgueiroefilhos.com\/site\/wp-content\/uploads\/2024\/09\/MOTO-BOMBA-2-150x141.jpg 150w, https:\/\/www.salgueiroefilhos.com\/site\/wp-content\/uploads\/2024\/09\/MOTO-BOMBA-2.jpg 1015w\" sizes=\"auto, (max-width: 171px) 100vw, 171px\" \/>\t\t\t<\/div>\n\t\t<div class=\"product-name\">Bomba Submers\u00edvel<\/div>\n\t\t<div class=\"product-short-descr\"><p>\n\t\t\t\t<\/p><\/div>\n\t\t\t<\/div>\n\n\n\t<div class=\"archive-listing product-1005 list publish no-price\">\n\t\t<a href=\"https:\/\/www.salgueiroefilhos.com\/site\/products\/bomba-submersivel\/\"><span class=\"div-link\"><\/span><\/a>\n\t\t<div class=\"classic-list-image-wrapper\">\n\t\t\t<div class=\"pseudo\"><\/div>\n\t\t\t<img loading=\"lazy\" decoding=\"async\" width=\"164\" height=\"160\" src=\"https:\/\/www.salgueiroefilhos.com\/site\/wp-content\/uploads\/2024\/09\/MOTO-BOMBA-3-164x160.jpg\" class=\"classic-list-image\" alt=\"Bomba Submers\u00edvel\" srcset=\"https:\/\/www.salgueiroefilhos.com\/site\/wp-content\/uploads\/2024\/09\/MOTO-BOMBA-3-164x160.jpg 164w, https:\/\/www.salgueiroefilhos.com\/site\/wp-content\/uploads\/2024\/09\/MOTO-BOMBA-3-300x292.jpg 300w, https:\/\/www.salgueiroefilhos.com\/site\/wp-content\/uploads\/2024\/09\/MOTO-BOMBA-3-768x748.jpg 768w, https:\/\/www.salgueiroefilhos.com\/site\/wp-content\/uploads\/2024\/09\/MOTO-BOMBA-3-154x150.jpg 154w, https:\/\/www.salgueiroefilhos.com\/site\/wp-content\/uploads\/2024\/09\/MOTO-BOMBA-3-600x585.jpg 600w, https:\/\/www.salgueiroefilhos.com\/site\/wp-content\/uploads\/2024\/09\/MOTO-BOMBA-3-150x146.jpg 150w, https:\/\/www.salgueiroefilhos.com\/site\/wp-content\/uploads\/2024\/09\/MOTO-BOMBA-3.jpg 902w\" sizes=\"auto, (max-width: 164px) 100vw, 164px\" \/>\t\t\t<\/div>\n\t\t<div class=\"product-name\">Bomba Submers\u00edvel<\/div>\n\t\t<div class=\"product-short-descr\"><p>\n\t\t\t\t<\/p><\/div>\n\t\t\t<\/div>\n\n\n\t<div class=\"archive-listing product-773 list publish no-price\">\n\t\t<a href=\"https:\/\/www.salgueiroefilhos.com\/site\/products\/flyght-3%e2%80%b3\/\"><span class=\"div-link\"><\/span><\/a>\n\t\t<div class=\"classic-list-image-wrapper\">\n\t\t\t<div class=\"pseudo\"><\/div>\n\t\t\t<img loading=\"lazy\" decoding=\"async\" width=\"160\" height=\"160\" src=\"https:\/\/www.salgueiroefilhos.com\/site\/wp-content\/uploads\/2016\/02\/flight.jpg\" class=\"classic-list-image\" alt=\"Flyght 3\u2033\" srcset=\"https:\/\/www.salgueiroefilhos.com\/site\/wp-content\/uploads\/2016\/02\/flight.jpg 300w, https:\/\/www.salgueiroefilhos.com\/site\/wp-content\/uploads\/2016\/02\/flight-150x150.jpg 150w, https:\/\/www.salgueiroefilhos.com\/site\/wp-content\/uploads\/2016\/02\/flight-250x250.jpg 250w\" sizes=\"auto, (max-width: 160px) 100vw, 160px\" \/>\t\t\t<\/div>\n\t\t<div class=\"product-name\">Flyght 3\u2033<\/div>\n\t\t<div class=\"product-short-descr\"><p>\n\t\tBomba para \u00c1guas Residuais com Alimenta\u00e7\u00e3o Trif\u00e1sica\t\t<\/p><\/div>\n\t\t\t<\/div>\n\n\n\t<div class=\"archive-listing product-772 list publish no-price\">\n\t\t<a href=\"https:\/\/www.salgueiroefilhos.com\/site\/products\/grindex-major-4%e2%80%b3\/\"><span class=\"div-link\"><\/span><\/a>\n\t\t<div class=\"classic-list-image-wrapper\">\n\t\t\t<div class=\"pseudo\"><\/div>\n\t\t\t<img loading=\"lazy\" decoding=\"async\" width=\"160\" height=\"160\" src=\"https:\/\/www.salgueiroefilhos.com\/site\/wp-content\/uploads\/2016\/02\/grindex.jpg\" class=\"classic-list-image\" alt=\"Grindex Major 4\u2033\" srcset=\"https:\/\/www.salgueiroefilhos.com\/site\/wp-content\/uploads\/2016\/02\/grindex.jpg 300w, https:\/\/www.salgueiroefilhos.com\/site\/wp-content\/uploads\/2016\/02\/grindex-150x150.jpg 150w, https:\/\/www.salgueiroefilhos.com\/site\/wp-content\/uploads\/2016\/02\/grindex-250x250.jpg 250w\" sizes=\"auto, (max-width: 160px) 100vw, 160px\" \/>\t\t\t<\/div>\n\t\t<div class=\"product-name\">Grindex Major 4\u2033<\/div>\n\t\t<div class=\"product-short-descr\"><p>\n\t\tBomba para \u00c1guas Residuais com Alimenta\u00e7\u00e3o Trif\u00e1sica\t\t<\/p><\/div>\n\t\t\t<\/div>\n\n\n\t<div class=\"archive-listing product-774 list publish no-price\">\n\t\t<a href=\"https:\/\/www.salgueiroefilhos.com\/site\/products\/tsurumi-pump-2%e2%80%b3\/\"><span class=\"div-link\"><\/span><\/a>\n\t\t<div class=\"classic-list-image-wrapper\">\n\t\t\t<div class=\"pseudo\"><\/div>\n\t\t\t<img loading=\"lazy\" decoding=\"async\" width=\"160\" height=\"160\" src=\"https:\/\/www.salgueiroefilhos.com\/site\/wp-content\/uploads\/2016\/02\/hs1_phase.jpg\" class=\"classic-list-image\" alt=\"Tsurumi Pump 2\u2033\" srcset=\"https:\/\/www.salgueiroefilhos.com\/site\/wp-content\/uploads\/2016\/02\/hs1_phase.jpg 300w, https:\/\/www.salgueiroefilhos.com\/site\/wp-content\/uploads\/2016\/02\/hs1_phase-150x150.jpg 150w, https:\/\/www.salgueiroefilhos.com\/site\/wp-content\/uploads\/2016\/02\/hs1_phase-250x250.jpg 250w\" sizes=\"auto, (max-width: 160px) 100vw, 160px\" \/>\t\t\t<\/div>\n\t\t<div class=\"product-name\">Tsurumi Pump 2\u2033<\/div>\n\t\t<div class=\"product-short-descr\"><p>\n\t\tBomba para \u00c1guas Residuais com Alimenta\u00e7\u00e3o Monof\u00e1sica\t\t<\/p><\/div>\n\t\t\t<\/div>\n\n<div style=\"clear:both\"><\/div><\/div>\n","protected":false},"excerpt":{"rendered":"<p> <a class=\"continue-reading-link\" href=\"https:\/\/www.salgueiroefilhos.com\/site\/products\/tsurumi-pump-2%e2%80%b3\/\">Continuar a ler<\/a><\/p>\n","protected":false},"author":4,"featured_media":0,"parent":34,"menu_order":1,"comment_status":"closed","ping_status":"closed","template":"","meta":{"footnotes":""},"class_list":["post-380","page","type-page","status-publish","hentry"],"_links":{"self":[{"href":"https:\/\/www.salgueiroefilhos.com\/site\/wp-json\/wp\/v2\/pages\/380","targetHints":{"allow":["GET"]}}],"collection":[{"href":"https:\/\/www.salgueiroefilhos.com\/site\/wp-json\/wp\/v2\/pages"}],"about":[{"href":"https:\/\/www.salgueiroefilhos.com\/site\/wp-json\/wp\/v2\/types\/page"}],"author":[{"embeddable":true,"href":"https:\/\/www.salgueiroefilhos.com\/site\/wp-json\/wp\/v2\/users\/4"}],"replies":[{"embeddable":true,"href":"https:\/\/www.salgueiroefilhos.com\/site\/wp-json\/wp\/v2\/comments?post=380"}],"version-history":[{"count":15,"href":"https:\/\/www.salgueiroefilhos.com\/site\/wp-json\/wp\/v2\/pages\/380\/revisions"}],"predecessor-version":[{"id":819,"href":"https:\/\/www.salgueiroefilhos.com\/site\/wp-json\/wp\/v2\/pages\/380\/revisions\/819"}],"up":[{"embeddable":true,"href":"https:\/\/www.salgueiroefilhos.com\/site\/wp-json\/wp\/v2\/pages\/34"}],"wp:attachment":[{"href":"https:\/\/www.salgueiroefilhos.com\/site\/wp-json\/wp\/v2\/media?parent=380"}],"curies":[{"name":"wp","href":"https:\/\/api.w.org\/{rel}","templated":true}]}}